{"id":1219,"date":"2023-09-11T11:30:23","date_gmt":"2023-09-11T11:30:23","guid":{"rendered":"https:\/\/espiralespacio.com\/?page_id=1219"},"modified":"2025-09-09T06:17:16","modified_gmt":"2025-09-09T06:17:16","slug":"pilatesbarre","status":"publish","type":"page","link":"https:\/\/espiralespacio.com\/index.php\/actividades\/pilatesbarre\/","title":{"rendered":"Pilates Barre"},"content":{"rendered":"\t\t<div data-elementor-type=\"wp-post\" data-elementor-id=\"1219\" class=\"elementor elementor-1219\">\n\t\t\t\t\t\t<section class=\"elementor-section elementor-top-section elementor-element elementor-element-c5e730a elementor-section-full_width elementor-section-height-default elementor-section-height-default\" data-id=\"c5e730a\" data-element_type=\"section\">\n\t\t\t\t\t\t<div class=\"elementor-container elementor-column-gap-default\">\n\t\t\t\t\t<div class=\"elementor-column elementor-col-100 elementor-top-column elementor-element elementor-element-1aebe69\" data-id=\"1aebe69\" data-element_type=\"column\">\n\t\t\t<div class=\"elementor-widget-wrap elementor-element-populated\">\n\t\t\t\t\t\t<div class=\"elementor-element elementor-element-1f4bf45 elementor-widget elementor-widget-heading\" data-id=\"1f4bf45\" data-element_type=\"widget\" data-widget_type=\"heading.default\">\n\t\t\t\t<div class=\"elementor-widget-container\">\n\t\t\t\t\t<h6 class=\"elementor-heading-title elementor-size-default\">Actividades<\/h6>\t\t\t\t<\/div>\n\t\t\t\t<\/div>\n\t\t\t\t<div class=\"elementor-element elementor-element-046651d elementor-widget elementor-widget-heading\" data-id=\"046651d\" data-element_type=\"widget\" data-widget_type=\"heading.default\">\n\t\t\t\t<div class=\"elementor-widget-container\">\n\t\t\t\t\t<h1 class=\"elementor-heading-title elementor-size-default\">Pilates Barre<\/h1>\t\t\t\t<\/div>\n\t\t\t\t<\/div>\n\t\t\t\t<div class=\"elementor-element elementor-element-3265c65 elementor-widget-divider--view-line elementor-widget elementor-widget-divider\" data-id=\"3265c65\" data-element_type=\"widget\" data-widget_type=\"divider.default\">\n\t\t\t\t<div class=\"elementor-widget-container\">\n\t\t\t\t\t\t\t<div class=\"elementor-divider\">\n\t\t\t<span class=\"elementor-divider-separator\">\n\t\t\t\t\t\t<\/span>\n\t\t<\/div>\n\t\t\t\t\t\t<\/div>\n\t\t\t\t<\/div>\n\t\t\t\t<div class=\"elementor-element elementor-element-dd8ea2d elementor-widget elementor-widget-heading\" data-id=\"dd8ea2d\" data-element_type=\"widget\" data-widget_type=\"heading.default\">\n\t\t\t\t<div class=\"elementor-widget-container\">\n\t\t\t\t\t<h6 class=\"elementor-heading-title elementor-size-default\">BARRE \u00bfQu\u00e9 es? un entrenamiento de cuerpo completo, que une las disciplinas de Ballet, Pilates y Yoga. Un equilibrio perfecto para conectar mente y cuerpo<\/h6>\t\t\t\t<\/div>\n\t\t\t\t<\/div>\n\t\t\t\t<div class=\"elementor-element elementor-element-7e82ffb elementor-widget-divider--view-line elementor-widget elementor-widget-divider\" data-id=\"7e82ffb\" data-element_type=\"widget\" data-widget_type=\"divider.default\">\n\t\t\t\t<div class=\"elementor-widget-container\">\n\t\t\t\t\t\t\t<div class=\"elementor-divider\">\n\t\t\t<span class=\"elementor-divider-separator\">\n\t\t\t\t\t\t<\/span>\n\t\t<\/div>\n\t\t\t\t\t\t<\/div>\n\t\t\t\t<\/div>\n\t\t\t\t<div class=\"elementor-element elementor-element-fceffdd elementor-widget elementor-widget-text-editor\" data-id=\"fceffdd\" data-element_type=\"widget\" data-widget_type=\"text-editor.default\">\n\t\t\t\t<div class=\"elementor-widget-container\">\n\t\t\t\t\t\t\t\t\t<div><div dir=\"ltr\"><div dir=\"ltr\"><div><div><p>Es una <strong>disciplina no lesiva, de bajo impacto y alta intensidad, usando la barra de ballet para apoyo y equilibrio<\/strong>, mezclando lo mejor del entrenamiento funcional, secuencias de pilates suelo y terminar con ejercicios de yoga ajustando tu postura y trabajando la respiraci\u00f3n consciente.\u00a0<\/p><p><strong>Un trabajo muy completo que a trav\u00e9s de tu respiraci\u00f3n, ejercicios din\u00e1micos<\/strong> y de calentamiento, secuencias de ballet en la barra, trabajo intenso de pilates suelo como cuadrupedias, planchas, abdominales, para terminar con yoga; equilibrios, estiramientos, respiraci\u00f3n consciente y relajaci\u00f3n final.\u00a0<strong><span style=\"color: var(--sydney-text-color);\">Un equilibrio perfecto para tu bienestar.<\/span><\/strong><\/p><p><span style=\"color: var(--sydney-text-color);\">A veces nos olvidamos que uno de los objetivos m\u00e1s importantes de hacer deporte es \u00abdisfrutarlo\u00bb. Barre es una disciplina que nos permite quemar calor\u00edas pero sin agobios y estr\u00e9s,\u00a0<\/span>transformando<span style=\"color: var(--sydney-text-color);\">\u00a0los d\u00edas en positivismo, energ\u00eda de la buena y mejor humor. Toda energ\u00eda se transforma, y de eso se trata, de cambiar lo negativo por lo positivo y que los sintamos directamente en<\/span><span style=\"color: var(--sydney-text-color);\">\u00a0nuestro cuerpo y en nuestra mente.<\/span><\/p><p>Vente y compru\u00e9balo por ti misma!!!!. \u00a0<\/p><\/div><\/div><\/div><\/div><\/div>\t\t\t\t\t\t\t\t<\/div>\n\t\t\t\t<\/div>\n\t\t\t\t\t<\/div>\n\t\t<\/div>\n\t\t\t\t\t<\/div>\n\t\t<\/section>\n\t\t\t\t<section class=\"elementor-section elementor-top-section elementor-element elementor-element-4b0138d elementor-section-full_width elementor-section-height-default elementor-section-height-default elementor-invisible\" data-id=\"4b0138d\" data-element_type=\"section\" data-settings=\"{&quot;animation&quot;:&quot;fadeInLeft&quot;}\">\n\t\t\t\t\t\t<div class=\"elementor-container elementor-column-gap-default\">\n\t\t\t\t\t<div class=\"elementor-column elementor-col-50 elementor-top-column elementor-element elementor-element-a697fd3\" data-id=\"a697fd3\" data-element_type=\"column\">\n\t\t\t<div class=\"elementor-widget-wrap elementor-element-populated\">\n\t\t\t\t\t\t<div class=\"elementor-element elementor-element-1459816 elementor-widget elementor-widget-image-carousel\" data-id=\"1459816\" data-element_type=\"widget\" data-settings=\"{&quot;slides_to_show&quot;:&quot;1&quot;,&quot;navigation&quot;:&quot;none&quot;,&quot;autoplay_speed&quot;:3000,&quot;autoplay&quot;:&quot;yes&quot;,&quot;pause_on_hover&quot;:&quot;yes&quot;,&quot;pause_on_interaction&quot;:&quot;yes&quot;,&quot;infinite&quot;:&quot;yes&quot;,&quot;effect&quot;:&quot;slide&quot;,&quot;speed&quot;:500}\" data-widget_type=\"image-carousel.default\">\n\t\t\t\t<div class=\"elementor-widget-container\">\n\t\t\t\t\t\t\t<div class=\"elementor-image-carousel-wrapper swiper\" role=\"region\" aria-roledescription=\"carousel\" aria-label=\"Carrusel de im\u00e1genes\" dir=\"ltr\">\n\t\t\t<div class=\"elementor-image-carousel swiper-wrapper\" aria-live=\"off\">\n\t\t\t\t\t\t\t\t<div class=\"swiper-slide\" role=\"group\" aria-roledescription=\"slide\" aria-label=\"1 de 4\"><figure class=\"swiper-slide-inner\"><img decoding=\"async\" class=\"swiper-slide-image\" src=\"https:\/\/espiralespacio.com\/wp-content\/uploads\/2025\/09\/barre_1.jpg\" alt=\"barre_1\" \/><\/figure><\/div><div class=\"swiper-slide\" role=\"group\" aria-roledescription=\"slide\" aria-label=\"2 de 4\"><figure class=\"swiper-slide-inner\"><img decoding=\"async\" class=\"swiper-slide-image\" src=\"https:\/\/espiralespacio.com\/wp-content\/uploads\/2025\/09\/barre_2.jpg\" alt=\"barre_2\" \/><\/figure><\/div><div class=\"swiper-slide\" role=\"group\" aria-roledescription=\"slide\" aria-label=\"3 de 4\"><figure class=\"swiper-slide-inner\"><img decoding=\"async\" class=\"swiper-slide-image\" src=\"https:\/\/espiralespacio.com\/wp-content\/uploads\/2025\/09\/barre_3.jpg\" alt=\"barre_3\" \/><\/figure><\/div><div class=\"swiper-slide\" role=\"group\" aria-roledescription=\"slide\" aria-label=\"4 de 4\"><figure class=\"swiper-slide-inner\"><img decoding=\"async\" class=\"swiper-slide-image\" src=\"https:\/\/espiralespacio.com\/wp-content\/uploads\/2025\/09\/barre_4.jpg\" alt=\"barre_4\" \/><\/figure><\/div>\t\t\t<\/div>\n\t\t\t\t\t\t\t\n\t\t\t\t\t\t\t\t\t<\/div>\n\t\t\t\t\t\t<\/div>\n\t\t\t\t<\/div>\n\t\t\t\t\t<\/div>\n\t\t<\/div>\n\t\t\t\t<div class=\"elementor-column elementor-col-50 elementor-top-column elementor-element elementor-element-7bec170\" data-id=\"7bec170\" data-element_type=\"column\">\n\t\t\t<div class=\"elementor-widget-wrap elementor-element-populated\">\n\t\t\t\t\t\t<div class=\"elementor-element elementor-element-b36b38a elementor-widget elementor-widget-heading\" data-id=\"b36b38a\" data-element_type=\"widget\" data-widget_type=\"heading.default\">\n\t\t\t\t<div class=\"elementor-widget-container\">\n\t\t\t\t\t<h3 class=\"elementor-heading-title elementor-size-default\">Estiramientos en Barre<\/h3>\t\t\t\t<\/div>\n\t\t\t\t<\/div>\n\t\t\t\t<div class=\"elementor-element elementor-element-f31c6dd elementor-widget elementor-widget-text-editor\" data-id=\"f31c6dd\" data-element_type=\"widget\" data-widget_type=\"text-editor.default\">\n\t\t\t\t<div class=\"elementor-widget-container\">\n\t\t\t\t\t\t\t\t\t<p><span style=\"color: var(--sydney-text-color);\">La Barra es el elemento principal que incluimos en nuestros ejercicios y \u00a0nos diferencia del resto de disciplinas.\u00a0<\/span><span style=\"color: var(--sydney-text-color);\">Gracias a ella desarrollamos ejercicios diferentes en cada sesi\u00f3n, pero adem\u00e1s nos ayuda mucho a la hora de estirar, algo super importante despu\u00e9s de cada sesi\u00f3n.\u00a0<\/span><span style=\"color: var(--sydney-text-color);\">La barra nos proporciona un punto de apoyo para mantener el equilibrio y conseguir un mayor estiramiento de los m\u00fasculos de manera m\u00e1s segura y controlada.\u00a0<\/span><span style=\"color: var(--sydney-text-color);\">Al estirar los m\u00fasculos de esta manera, conseguimos aumentar la amplitud de movimiento de las articulaciones y mejorar la flexibilidad general del cuerpo.<\/span><\/p><p>Es importante tener en cuenta que la flexibilidad no es algo que consigamos de la noche a la ma\u00f1ana y requiere pr\u00e1ctica y consistencia en los ejercicios de estiramiento.\u00a0<span style=\"color: var(--sydney-text-color);\">Por eso en ESPIRAL ESPACIO siempre dedicamos un tiempo imprescindible al final de cada clase para estirar y devolver esa elasticidad y movimiento a nuestros m\u00fasculos y articulaciones.<\/span><\/p><p>Clases llenas de pura energ\u00eda, buena m\u00fasica y la mejor compa\u00f1\u00eda, que m\u00e1s se puede pedir?\u00a0<span style=\"color: var(--sydney-text-color);\">Te unes a pilates Barre???<\/span><span style=\"color: var(--sydney-text-color);\">.\u00a0<\/span><\/p><p>\u00a0<\/p>\t\t\t\t\t\t\t\t<\/div>\n\t\t\t\t<\/div>\n\t\t\t\t<section class=\"elementor-section elementor-inner-section elementor-element elementor-element-8324409 elementor-section-boxed elementor-section-height-default elementor-section-height-default\" data-id=\"8324409\" data-element_type=\"section\">\n\t\t\t\t\t\t<div class=\"elementor-container elementor-column-gap-default\">\n\t\t\t\t\t<div class=\"elementor-column elementor-col-50 elementor-inner-column elementor-element elementor-element-bbace6c\" data-id=\"bbace6c\" data-element_type=\"column\">\n\t\t\t<div class=\"elementor-widget-wrap elementor-element-populated\">\n\t\t\t\t\t\t<div class=\"elementor-element elementor-element-8a31137 elementor-align-center elementor-widget elementor-widget-button\" data-id=\"8a31137\" data-element_type=\"widget\" data-widget_type=\"button.default\">\n\t\t\t\t<div class=\"elementor-widget-container\">\n\t\t\t\t\t\t\t\t\t<div class=\"elementor-button-wrapper\">\n\t\t\t\t\t<a class=\"elementor-button elementor-button-link elementor-size-md\" href=\"mailto:info@espiralespacio.com\">\n\t\t\t\t\t\t<span class=\"elementor-button-content-wrapper\">\n\t\t\t\t\t\t\t\t\t<span class=\"elementor-button-text\">\u00bfQUIERES APUNTARTE?<\/span>\n\t\t\t\t\t<\/span>\n\t\t\t\t\t<\/a>\n\t\t\t\t<\/div>\n\t\t\t\t\t\t\t\t<\/div>\n\t\t\t\t<\/div>\n\t\t\t\t\t<\/div>\n\t\t<\/div>\n\t\t\t\t<div class=\"elementor-column elementor-col-50 elementor-inner-column elementor-element elementor-element-812da6c\" data-id=\"812da6c\" data-element_type=\"column\">\n\t\t\t<div class=\"elementor-widget-wrap elementor-element-populated\">\n\t\t\t\t\t\t<div class=\"elementor-element elementor-element-536568d elementor-align-center elementor-widget elementor-widget-button\" data-id=\"536568d\" data-element_type=\"widget\" data-widget_type=\"button.default\">\n\t\t\t\t<div class=\"elementor-widget-container\">\n\t\t\t\t\t\t\t\t\t<div class=\"elementor-button-wrapper\">\n\t\t\t\t\t<a class=\"elementor-button elementor-button-link elementor-size-md\" href=\"http:\/\/espiralespacio.com\/index.php\/horarios-y-tarifas\/\">\n\t\t\t\t\t\t<span class=\"elementor-button-content-wrapper\">\n\t\t\t\t\t\t\t\t\t<span class=\"elementor-button-text\">HORARIOS Y TARIFAS<\/span>\n\t\t\t\t\t<\/span>\n\t\t\t\t\t<\/a>\n\t\t\t\t<\/div>\n\t\t\t\t\t\t\t\t<\/div>\n\t\t\t\t<\/div>\n\t\t\t\t\t<\/div>\n\t\t<\/div>\n\t\t\t\t\t<\/div>\n\t\t<\/section>\n\t\t\t\t<div class=\"elementor-element elementor-element-1a2c0e4 elementor-widget elementor-widget-spacer\" data-id=\"1a2c0e4\" data-element_type=\"widget\" data-widget_type=\"spacer.default\">\n\t\t\t\t<div class=\"elementor-widget-container\">\n\t\t\t\t\t\t\t<div class=\"elementor-spacer\">\n\t\t\t<div class=\"elementor-spacer-inner\"><\/div>\n\t\t<\/div>\n\t\t\t\t\t\t<\/div>\n\t\t\t\t<\/div>\n\t\t\t\t\t<\/div>\n\t\t<\/div>\n\t\t\t\t\t<\/div>\n\t\t<\/section>\n\t\t\t\t<section class=\"elementor-section elementor-top-section elementor-element elementor-element-f95bb1e elementor-section-full_width elementor-section-height-default elementor-section-height-default elementor-invisible\" data-id=\"f95bb1e\" data-element_type=\"section\" data-settings=\"{&quot;animation&quot;:&quot;fadeInLeft&quot;}\">\n\t\t\t\t\t\t<div class=\"elementor-container elementor-column-gap-default\">\n\t\t\t\t\t<div class=\"elementor-column elementor-col-50 elementor-top-column elementor-element elementor-element-e0a2b54\" data-id=\"e0a2b54\" data-element_type=\"column\">\n\t\t\t<div class=\"elementor-widget-wrap elementor-element-populated\">\n\t\t\t\t\t\t<div class=\"elementor-element elementor-element-361ee05 elementor-widget elementor-widget-image\" data-id=\"361ee05\" data-element_type=\"widget\" data-widget_type=\"image.default\">\n\t\t\t\t<div class=\"elementor-widget-container\">\n\t\t\t\t\t\t\t\t\t\t\t\t\t\t\t<img decoding=\"async\" src=\"https:\/\/espiralespacio.com\/wp-content\/uploads\/2025\/09\/barre_5.jpg\" title=\"barre_5\" alt=\"barre_5\" loading=\"lazy\" \/>\t\t\t\t\t\t\t\t\t\t\t\t\t\t\t<\/div>\n\t\t\t\t<\/div>\n\t\t\t\t\t<\/div>\n\t\t<\/div>\n\t\t\t\t<div class=\"elementor-column elementor-col-50 elementor-top-column elementor-element elementor-element-08114a2\" data-id=\"08114a2\" data-element_type=\"column\">\n\t\t\t<div class=\"elementor-widget-wrap elementor-element-populated\">\n\t\t\t\t\t\t<div class=\"elementor-element elementor-element-26b5844 elementor-widget elementor-widget-heading\" data-id=\"26b5844\" data-element_type=\"widget\" data-widget_type=\"heading.default\">\n\t\t\t\t<div class=\"elementor-widget-container\">\n\t\t\t\t\t<h3 class=\"elementor-heading-title elementor-size-default\">Un poco de Historia<\/h3>\t\t\t\t<\/div>\n\t\t\t\t<\/div>\n\t\t\t\t<div class=\"elementor-element elementor-element-74dc278 elementor-widget elementor-widget-text-editor\" data-id=\"74dc278\" data-element_type=\"widget\" data-widget_type=\"text-editor.default\">\n\t\t\t\t<div class=\"elementor-widget-container\">\n\t\t\t\t\t\t\t\t\t<p><strong>El origen del Barre<\/strong> se encuentra en la fascinante <em>Lotte Berk (1913-2003)<\/em>. Hija de un rico comerciante jud\u00edo, qued\u00f3 hu\u00e9rfana de madre a los ocho a\u00f1os y en contra de los deseos de su padre, se dedic\u00f3 a la danza moderna. Con su marido y su hija Esther logr\u00f3 escapar de la Alemania nazi y establecerse en Londres, donde altern\u00f3 trabajos como modelo con su carrera como bailarina. En 1959 abri\u00f3 un estudio en un s\u00f3tano de la calle Manchester y fue desarrollando unas clases de ballet para no profesionales. <strong>El m\u00e9todo Lotte Berk,<\/strong> que acab\u00f3 de cuajar tras visitar a un oste\u00f3pata por una peque\u00f1a lesi\u00f3n de espalda, atrajo a una selecta y fiel clientela. <strong>Su hija decidi\u00f3 proseguir con su m\u00e9todo y su estudio.<\/strong><\/p><p><strong>En 1971 una de sus estudiantes, Lydia Bach<\/strong>, tom\u00f3 el concepto y lo introdujo en Estados Unidos, abriendo su estudio \u00abLotte Berk Method\u00bb en Nueva York. Con el tiempo se abrieron nuevos estudios y se crearon diferentes variaciones al entrenamiento original.<\/p><p><span style=\"color: var(--sydney-text-color);\">Actualmente es un m\u00e9todo que arrasa en Estados Unidos y UK, donde hay multitud de estudios que ofrecen clases de Barre<\/span><span style=\"color: var(--sydney-text-color);\">.\u00a0<\/span><\/p><p>\u00a0<\/p>\t\t\t\t\t\t\t\t<\/div>\n\t\t\t\t<\/div>\n\t\t\t\t<div class=\"elementor-element elementor-element-29bbca8 elementor-widget elementor-widget-spacer\" data-id=\"29bbca8\" data-element_type=\"widget\" data-widget_type=\"spacer.default\">\n\t\t\t\t<div class=\"elementor-widget-container\">\n\t\t\t\t\t\t\t<div class=\"elementor-spacer\">\n\t\t\t<div class=\"elementor-spacer-inner\"><\/div>\n\t\t<\/div>\n\t\t\t\t\t\t<\/div>\n\t\t\t\t<\/div>\n\t\t\t\t\t<\/div>\n\t\t<\/div>\n\t\t\t\t\t<\/div>\n\t\t<\/section>\n\t\t\t\t<section class=\"elementor-section elementor-top-section elementor-element elementor-element-1bc1b32 elementor-section-full_width elementor-section-height-default elementor-section-height-default\" data-id=\"1bc1b32\" data-element_type=\"section\">\n\t\t\t\t\t\t<div class=\"elementor-container elementor-column-gap-default\">\n\t\t\t\t\t<div class=\"elementor-column elementor-col-100 elementor-top-column elementor-element elementor-element-54da6fe\" data-id=\"54da6fe\" data-element_type=\"column\">\n\t\t\t<div class=\"elementor-widget-wrap elementor-element-populated\">\n\t\t\t\t\t\t<div class=\"elementor-element elementor-element-75de435 elementor-widget-divider--view-line elementor-widget elementor-widget-divider\" data-id=\"75de435\" data-element_type=\"widget\" data-widget_type=\"divider.default\">\n\t\t\t\t<div class=\"elementor-widget-container\">\n\t\t\t\t\t\t\t<div class=\"elementor-divider\">\n\t\t\t<span class=\"elementor-divider-separator\">\n\t\t\t\t\t\t<\/span>\n\t\t<\/div>\n\t\t\t\t\t\t<\/div>\n\t\t\t\t<\/div>\n\t\t\t\t\t<\/div>\n\t\t<\/div>\n\t\t\t\t\t<\/div>\n\t\t<\/section>\n\t\t\t\t<\/div>\n\t\t","protected":false},"excerpt":{"rendered":"<p>Actividades Pilates Barre BARRE \u00bfQu\u00e9 es? un entrenamiento de cuerpo completo, que une las disciplinas de Ballet, Pilates y Yoga. Un equilibrio [&hellip;]<\/p>\n","protected":false},"author":2,"featured_media":0,"parent":294,"menu_order":4,"comment_status":"closed","ping_status":"closed","template":"elementor_header_footer","meta":{"footnotes":""},"class_list":["post-1219","page","type-page","status-publish","hentry"],"yoast_head":"<!-- This site is optimized with the Yoast SEO plugin v25.6 - https:\/\/yoast.com\/wordpress\/plugins\/seo\/ -->\n<title>Pilates Barre - Espacio Espiral<\/title>\n<meta name=\"description\" content=\"Practica Yoga en Espiral espacio. Yoga suave o Yoga din\u00e1mico. Consigue los beneficios de la pr\u00e1ctica con nosotras\" \/>\n<meta name=\"robots\" content=\"index, follow, max-snippet:-1, max-image-preview:large, max-video-preview:-1\" \/>\n<link rel=\"canonical\" href=\"https:\/\/espiralespacio.com\/index.php\/actividades\/pilatesbarre\/\" \/>\n<meta property=\"og:locale\" content=\"es_ES\" \/>\n<meta property=\"og:type\" content=\"article\" \/>\n<meta property=\"og:title\" content=\"Pilates Barre - Espacio Espiral\" \/>\n<meta property=\"og:description\" content=\"Practica Yoga en Espiral espacio. Yoga suave o Yoga din\u00e1mico. Consigue los beneficios de la pr\u00e1ctica con nosotras\" \/>\n<meta property=\"og:url\" content=\"https:\/\/espiralespacio.com\/index.php\/actividades\/pilatesbarre\/\" \/>\n<meta property=\"og:site_name\" content=\"Espacio Espiral\" \/>\n<meta property=\"article:modified_time\" content=\"2025-09-09T06:17:16+00:00\" \/>\n<meta property=\"og:image\" content=\"https:\/\/espiralespacio.com\/wp-content\/uploads\/2025\/09\/barre_1.jpg\" \/>\n<meta name=\"twitter:card\" content=\"summary_large_image\" \/>\n<meta name=\"twitter:label1\" content=\"Tiempo de lectura\" \/>\n\t<meta name=\"twitter:data1\" content=\"5 minutos\" \/>\n<script type=\"application\/ld+json\" class=\"yoast-schema-graph\">{\"@context\":\"https:\/\/schema.org\",\"@graph\":[{\"@type\":\"WebPage\",\"@id\":\"https:\/\/espiralespacio.com\/index.php\/actividades\/pilatesbarre\/\",\"url\":\"https:\/\/espiralespacio.com\/index.php\/actividades\/pilatesbarre\/\",\"name\":\"Pilates Barre - Espacio Espiral\",\"isPartOf\":{\"@id\":\"https:\/\/espiralespacio.com\/#website\"},\"primaryImageOfPage\":{\"@id\":\"https:\/\/espiralespacio.com\/index.php\/actividades\/pilatesbarre\/#primaryimage\"},\"image\":{\"@id\":\"https:\/\/espiralespacio.com\/index.php\/actividades\/pilatesbarre\/#primaryimage\"},\"thumbnailUrl\":\"https:\/\/espiralespacio.com\/wp-content\/uploads\/2025\/09\/barre_1.jpg\",\"datePublished\":\"2023-09-11T11:30:23+00:00\",\"dateModified\":\"2025-09-09T06:17:16+00:00\",\"description\":\"Practica Yoga en Espiral espacio. Yoga suave o Yoga din\u00e1mico. Consigue los beneficios de la pr\u00e1ctica con nosotras\",\"breadcrumb\":{\"@id\":\"https:\/\/espiralespacio.com\/index.php\/actividades\/pilatesbarre\/#breadcrumb\"},\"inLanguage\":\"es\",\"potentialAction\":[{\"@type\":\"ReadAction\",\"target\":[\"https:\/\/espiralespacio.com\/index.php\/actividades\/pilatesbarre\/\"]}]},{\"@type\":\"ImageObject\",\"inLanguage\":\"es\",\"@id\":\"https:\/\/espiralespacio.com\/index.php\/actividades\/pilatesbarre\/#primaryimage\",\"url\":\"https:\/\/espiralespacio.com\/wp-content\/uploads\/2025\/09\/barre_1.jpg\",\"contentUrl\":\"https:\/\/espiralespacio.com\/wp-content\/uploads\/2025\/09\/barre_1.jpg\",\"width\":898,\"height\":600},{\"@type\":\"BreadcrumbList\",\"@id\":\"https:\/\/espiralespacio.com\/index.php\/actividades\/pilatesbarre\/#breadcrumb\",\"itemListElement\":[{\"@type\":\"ListItem\",\"position\":1,\"name\":\"Portada\",\"item\":\"https:\/\/espiralespacio.com\/\"},{\"@type\":\"ListItem\",\"position\":2,\"name\":\"Actividades\",\"item\":\"https:\/\/espiralespacio.com\/index.php\/actividades\/\"},{\"@type\":\"ListItem\",\"position\":3,\"name\":\"Pilates Barre\"}]},{\"@type\":\"WebSite\",\"@id\":\"https:\/\/espiralespacio.com\/#website\",\"url\":\"https:\/\/espiralespacio.com\/\",\"name\":\"Espacio Espiral\",\"description\":\"Yoga | Pilates | Pilates m\u00e1quina\",\"potentialAction\":[{\"@type\":\"SearchAction\",\"target\":{\"@type\":\"EntryPoint\",\"urlTemplate\":\"https:\/\/espiralespacio.com\/?s={search_term_string}\"},\"query-input\":{\"@type\":\"PropertyValueSpecification\",\"valueRequired\":true,\"valueName\":\"search_term_string\"}}],\"inLanguage\":\"es\"}]}<\/script>\n<!-- \/ Yoast SEO plugin. -->","yoast_head_json":{"title":"Pilates Barre - Espacio Espiral","description":"Practica Yoga en Espiral espacio. Yoga suave o Yoga din\u00e1mico. Consigue los beneficios de la pr\u00e1ctica con nosotras","robots":{"index":"index","follow":"follow","max-snippet":"max-snippet:-1","max-image-preview":"max-image-preview:large","max-video-preview":"max-video-preview:-1"},"canonical":"https:\/\/espiralespacio.com\/index.php\/actividades\/pilatesbarre\/","og_locale":"es_ES","og_type":"article","og_title":"Pilates Barre - Espacio Espiral","og_description":"Practica Yoga en Espiral espacio. Yoga suave o Yoga din\u00e1mico. Consigue los beneficios de la pr\u00e1ctica con nosotras","og_url":"https:\/\/espiralespacio.com\/index.php\/actividades\/pilatesbarre\/","og_site_name":"Espacio Espiral","article_modified_time":"2025-09-09T06:17:16+00:00","og_image":[{"url":"https:\/\/espiralespacio.com\/wp-content\/uploads\/2025\/09\/barre_1.jpg","type":"","width":"","height":""}],"twitter_card":"summary_large_image","twitter_misc":{"Tiempo de lectura":"5 minutos"},"schema":{"@context":"https:\/\/schema.org","@graph":[{"@type":"WebPage","@id":"https:\/\/espiralespacio.com\/index.php\/actividades\/pilatesbarre\/","url":"https:\/\/espiralespacio.com\/index.php\/actividades\/pilatesbarre\/","name":"Pilates Barre - Espacio Espiral","isPartOf":{"@id":"https:\/\/espiralespacio.com\/#website"},"primaryImageOfPage":{"@id":"https:\/\/espiralespacio.com\/index.php\/actividades\/pilatesbarre\/#primaryimage"},"image":{"@id":"https:\/\/espiralespacio.com\/index.php\/actividades\/pilatesbarre\/#primaryimage"},"thumbnailUrl":"https:\/\/espiralespacio.com\/wp-content\/uploads\/2025\/09\/barre_1.jpg","datePublished":"2023-09-11T11:30:23+00:00","dateModified":"2025-09-09T06:17:16+00:00","description":"Practica Yoga en Espiral espacio. Yoga suave o Yoga din\u00e1mico. Consigue los beneficios de la pr\u00e1ctica con nosotras","breadcrumb":{"@id":"https:\/\/espiralespacio.com\/index.php\/actividades\/pilatesbarre\/#breadcrumb"},"inLanguage":"es","potentialAction":[{"@type":"ReadAction","target":["https:\/\/espiralespacio.com\/index.php\/actividades\/pilatesbarre\/"]}]},{"@type":"ImageObject","inLanguage":"es","@id":"https:\/\/espiralespacio.com\/index.php\/actividades\/pilatesbarre\/#primaryimage","url":"https:\/\/espiralespacio.com\/wp-content\/uploads\/2025\/09\/barre_1.jpg","contentUrl":"https:\/\/espiralespacio.com\/wp-content\/uploads\/2025\/09\/barre_1.jpg","width":898,"height":600},{"@type":"BreadcrumbList","@id":"https:\/\/espiralespacio.com\/index.php\/actividades\/pilatesbarre\/#breadcrumb","itemListElement":[{"@type":"ListItem","position":1,"name":"Portada","item":"https:\/\/espiralespacio.com\/"},{"@type":"ListItem","position":2,"name":"Actividades","item":"https:\/\/espiralespacio.com\/index.php\/actividades\/"},{"@type":"ListItem","position":3,"name":"Pilates Barre"}]},{"@type":"WebSite","@id":"https:\/\/espiralespacio.com\/#website","url":"https:\/\/espiralespacio.com\/","name":"Espacio Espiral","description":"Yoga | Pilates | Pilates m\u00e1quina","potentialAction":[{"@type":"SearchAction","target":{"@type":"EntryPoint","urlTemplate":"https:\/\/espiralespacio.com\/?s={search_term_string}"},"query-input":{"@type":"PropertyValueSpecification","valueRequired":true,"valueName":"search_term_string"}}],"inLanguage":"es"}]}},"_links":{"self":[{"href":"https:\/\/espiralespacio.com\/index.php\/wp-json\/wp\/v2\/pages\/1219","targetHints":{"allow":["GET"]}}],"collection":[{"href":"https:\/\/espiralespacio.com\/index.php\/wp-json\/wp\/v2\/pages"}],"about":[{"href":"https:\/\/espiralespacio.com\/index.php\/wp-json\/wp\/v2\/types\/page"}],"author":[{"embeddable":true,"href":"https:\/\/espiralespacio.com\/index.php\/wp-json\/wp\/v2\/users\/2"}],"replies":[{"embeddable":true,"href":"https:\/\/espiralespacio.com\/index.php\/wp-json\/wp\/v2\/comments?post=1219"}],"version-history":[{"count":17,"href":"https:\/\/espiralespacio.com\/index.php\/wp-json\/wp\/v2\/pages\/1219\/revisions"}],"predecessor-version":[{"id":2370,"href":"https:\/\/espiralespacio.com\/index.php\/wp-json\/wp\/v2\/pages\/1219\/revisions\/2370"}],"up":[{"embeddable":true,"href":"https:\/\/espiralespacio.com\/index.php\/wp-json\/wp\/v2\/pages\/294"}],"wp:attachment":[{"href":"https:\/\/espiralespacio.com\/index.php\/wp-json\/wp\/v2\/media?parent=1219"}],"curies":[{"name":"wp","href":"https:\/\/api.w.org\/{rel}","templated":true}]}}