{"id":201,"date":"2018-09-13T11:36:34","date_gmt":"2018-09-13T11:36:34","guid":{"rendered":"http:\/\/espiralespacio.com\/?page_id=201"},"modified":"2025-09-15T05:52:17","modified_gmt":"2025-09-15T05:52:17","slug":"espacio-creativo","status":"publish","type":"page","link":"https:\/\/espiralespacio.com\/index.php\/espacio-creativo\/","title":{"rendered":"Normas del Espacio"},"content":{"rendered":"\t\t<div data-elementor-type=\"wp-post\" data-elementor-id=\"201\" class=\"elementor elementor-201\">\n\t\t\t\t\t\t<section class=\"elementor-section elementor-top-section elementor-element elementor-element-c5e730a elementor-section-full_width elementor-section-height-default elementor-section-height-default\" data-id=\"c5e730a\" data-element_type=\"section\">\n\t\t\t\t\t\t<div class=\"elementor-container elementor-column-gap-default\">\n\t\t\t\t\t<div class=\"elementor-column elementor-col-100 elementor-top-column elementor-element elementor-element-1aebe69\" data-id=\"1aebe69\" data-element_type=\"column\">\n\t\t\t<div class=\"elementor-widget-wrap elementor-element-populated\">\n\t\t\t\t\t\t<div class=\"elementor-element elementor-element-1f4bf45 elementor-widget elementor-widget-heading\" data-id=\"1f4bf45\" data-element_type=\"widget\" data-widget_type=\"heading.default\">\n\t\t\t\t<div class=\"elementor-widget-container\">\n\t\t\t\t\t<h1 class=\"elementor-heading-title elementor-size-default\">Normas del Espacio<\/h1>\t\t\t\t<\/div>\n\t\t\t\t<\/div>\n\t\t\t\t<div class=\"elementor-element elementor-element-3265c65 elementor-widget-divider--view-line elementor-widget elementor-widget-divider\" data-id=\"3265c65\" data-element_type=\"widget\" data-widget_type=\"divider.default\">\n\t\t\t\t<div class=\"elementor-widget-container\">\n\t\t\t\t\t\t\t<div class=\"elementor-divider\">\n\t\t\t<span class=\"elementor-divider-separator\">\n\t\t\t\t\t\t<\/span>\n\t\t<\/div>\n\t\t\t\t\t\t<\/div>\n\t\t\t\t<\/div>\n\t\t\t\t\t<\/div>\n\t\t<\/div>\n\t\t\t\t\t<\/div>\n\t\t<\/section>\n\t\t\t\t<section class=\"elementor-section elementor-top-section elementor-element elementor-element-4b0138d elementor-section-full_width elementor-section-height-default elementor-section-height-default elementor-invisible\" data-id=\"4b0138d\" data-element_type=\"section\" data-settings=\"{&quot;animation&quot;:&quot;fadeInDown&quot;}\">\n\t\t\t\t\t\t<div class=\"elementor-container elementor-column-gap-default\">\n\t\t\t\t\t<div class=\"elementor-column elementor-col-50 elementor-top-column elementor-element elementor-element-a697fd3\" data-id=\"a697fd3\" data-element_type=\"column\">\n\t\t\t<div class=\"elementor-widget-wrap elementor-element-populated\">\n\t\t\t\t\t\t<div class=\"elementor-element elementor-element-f016317 elementor-widget elementor-widget-spacer\" data-id=\"f016317\" data-element_type=\"widget\" data-widget_type=\"spacer.default\">\n\t\t\t\t<div class=\"elementor-widget-container\">\n\t\t\t\t\t\t\t<div class=\"elementor-spacer\">\n\t\t\t<div class=\"elementor-spacer-inner\"><\/div>\n\t\t<\/div>\n\t\t\t\t\t\t<\/div>\n\t\t\t\t<\/div>\n\t\t\t\t<div class=\"elementor-element elementor-element-118e560 elementor-widget elementor-widget-image\" data-id=\"118e560\" data-element_type=\"widget\" data-widget_type=\"image.default\">\n\t\t\t\t<div class=\"elementor-widget-container\">\n\t\t\t\t\t\t\t\t\t\t\t\t\t\t\t\t<a href=\"https:\/\/espiralespacio.com\/wp-content\/uploads\/2025\/09\/normas_espacioespiral.jpg\" data-elementor-open-lightbox=\"no\">\n\t\t\t\t\t\t\t<img fetchpriority=\"high\" decoding=\"async\" width=\"898\" height=\"700\" src=\"https:\/\/espiralespacio.com\/wp-content\/uploads\/2025\/09\/normas_espacioespiral.jpg\" class=\"attachment-full size-full wp-image-2372\" alt=\"\" srcset=\"https:\/\/espiralespacio.com\/wp-content\/uploads\/2025\/09\/normas_espacioespiral.jpg 898w, https:\/\/espiralespacio.com\/wp-content\/uploads\/2025\/09\/normas_espacioespiral-300x234.jpg 300w, https:\/\/espiralespacio.com\/wp-content\/uploads\/2025\/09\/normas_espacioespiral-768x599.jpg 768w, https:\/\/espiralespacio.com\/wp-content\/uploads\/2025\/09\/normas_espacioespiral-230x179.jpg 230w, https:\/\/espiralespacio.com\/wp-content\/uploads\/2025\/09\/normas_espacioespiral-350x273.jpg 350w, https:\/\/espiralespacio.com\/wp-content\/uploads\/2025\/09\/normas_espacioespiral-480x374.jpg 480w\" sizes=\"(max-width: 898px) 100vw, 898px\" \/>\t\t\t\t\t\t\t\t<\/a>\n\t\t\t\t\t\t\t\t\t\t\t\t\t\t\t<\/div>\n\t\t\t\t<\/div>\n\t\t\t\t\t<\/div>\n\t\t<\/div>\n\t\t\t\t<div class=\"elementor-column elementor-col-50 elementor-top-column elementor-element elementor-element-7bec170\" data-id=\"7bec170\" data-element_type=\"column\">\n\t\t\t<div class=\"elementor-widget-wrap elementor-element-populated\">\n\t\t\t\t\t\t<div class=\"elementor-element elementor-element-1a2c0e4 elementor-widget elementor-widget-spacer\" data-id=\"1a2c0e4\" data-element_type=\"widget\" data-widget_type=\"spacer.default\">\n\t\t\t\t<div class=\"elementor-widget-container\">\n\t\t\t\t\t\t\t<div class=\"elementor-spacer\">\n\t\t\t<div class=\"elementor-spacer-inner\"><\/div>\n\t\t<\/div>\n\t\t\t\t\t\t<\/div>\n\t\t\t\t<\/div>\n\t\t\t\t<div class=\"elementor-element elementor-element-b8d9987 elementor-widget elementor-widget-heading\" data-id=\"b8d9987\" data-element_type=\"widget\" data-widget_type=\"heading.default\">\n\t\t\t\t<div class=\"elementor-widget-container\">\n\t\t\t\t\t<h3 class=\"elementor-heading-title elementor-size-default\">Pago de las clases<\/h3>\t\t\t\t<\/div>\n\t\t\t\t<\/div>\n\t\t\t\t<div class=\"elementor-element elementor-element-0f05401 elementor-widget-divider--view-line elementor-widget elementor-widget-divider\" data-id=\"0f05401\" data-element_type=\"widget\" data-widget_type=\"divider.default\">\n\t\t\t\t<div class=\"elementor-widget-container\">\n\t\t\t\t\t\t\t<div class=\"elementor-divider\">\n\t\t\t<span class=\"elementor-divider-separator\">\n\t\t\t\t\t\t<\/span>\n\t\t<\/div>\n\t\t\t\t\t\t<\/div>\n\t\t\t\t<\/div>\n\t\t\t\t<div class=\"elementor-element elementor-element-f31c6dd elementor-widget elementor-widget-text-editor\" data-id=\"f31c6dd\" data-element_type=\"widget\" data-widget_type=\"text-editor.default\">\n\t\t\t\t<div class=\"elementor-widget-container\">\n\t\t\t\t\t\t\t\t\t<div class=\"\"><div id=\"divtagdefaultwrapper\" class=\"\" dir=\"ltr\"><div id=\"divtagdefaultwrapper\" class=\"\" dir=\"ltr\"><div class=\"\"><p>Matr\u00edcula. Es necesario adem\u00e1s del importe de la mensualidad, una matr\u00edcula por importe de 20\u20ac, que se abonar\u00e1 en efectivo el primer d\u00eda que se acuda a clase.\u00a0<\/p><p>Las cuotas se abonar\u00e1n en efectivo los 5 primeros d\u00edas de cada mes o en el d\u00eda que coincida con la primera clase de ese mes.\u00a0<\/p><p>Para realizar bajas definitivas ser\u00e1 imprescindible avisar antes del 25 del mes en curso. Si deseara retomar las clases deber\u00e1 abonar nuevamente el importe de la matr\u00edcula.<\/p><p>El importe que se abona es mensual o trimestral, con independencia del n\u00famero de clases que reciban al mes.<\/p><\/div><\/div><\/div><\/div>\t\t\t\t\t\t\t\t<\/div>\n\t\t\t\t<\/div>\n\t\t\t\t\t<\/div>\n\t\t<\/div>\n\t\t\t\t\t<\/div>\n\t\t<\/section>\n\t\t\t\t<section class=\"elementor-section elementor-top-section elementor-element elementor-element-8482285 elementor-section-full_width elementor-section-height-default elementor-section-height-default elementor-invisible\" data-id=\"8482285\" data-element_type=\"section\" data-settings=\"{&quot;animation&quot;:&quot;fadeInDown&quot;}\">\n\t\t\t\t\t\t<div class=\"elementor-container elementor-column-gap-default\">\n\t\t\t\t\t<div class=\"elementor-column elementor-col-50 elementor-top-column elementor-element elementor-element-19b5036\" data-id=\"19b5036\" data-element_type=\"column\">\n\t\t\t<div class=\"elementor-widget-wrap elementor-element-populated\">\n\t\t\t\t\t\t<div class=\"elementor-element elementor-element-222c9b2 elementor-widget elementor-widget-spacer\" data-id=\"222c9b2\" data-element_type=\"widget\" data-widget_type=\"spacer.default\">\n\t\t\t\t<div class=\"elementor-widget-container\">\n\t\t\t\t\t\t\t<div class=\"elementor-spacer\">\n\t\t\t<div class=\"elementor-spacer-inner\"><\/div>\n\t\t<\/div>\n\t\t\t\t\t\t<\/div>\n\t\t\t\t<\/div>\n\t\t\t\t<div class=\"elementor-element elementor-element-0fd289e elementor-widget elementor-widget-heading\" data-id=\"0fd289e\" data-element_type=\"widget\" data-widget_type=\"heading.default\">\n\t\t\t\t<div class=\"elementor-widget-container\">\n\t\t\t\t\t<h3 class=\"elementor-heading-title elementor-size-default\">Cancelaci\u00f3n y recuperaci\u00f3n de clases<\/h3>\t\t\t\t<\/div>\n\t\t\t\t<\/div>\n\t\t\t\t<div class=\"elementor-element elementor-element-519dc3b elementor-widget-divider--view-line elementor-widget elementor-widget-divider\" data-id=\"519dc3b\" data-element_type=\"widget\" data-widget_type=\"divider.default\">\n\t\t\t\t<div class=\"elementor-widget-container\">\n\t\t\t\t\t\t\t<div class=\"elementor-divider\">\n\t\t\t<span class=\"elementor-divider-separator\">\n\t\t\t\t\t\t<\/span>\n\t\t<\/div>\n\t\t\t\t\t\t<\/div>\n\t\t\t\t<\/div>\n\t\t\t\t<div class=\"elementor-element elementor-element-cc21481 elementor-widget elementor-widget-text-editor\" data-id=\"cc21481\" data-element_type=\"widget\" data-widget_type=\"text-editor.default\">\n\t\t\t\t<div class=\"elementor-widget-container\">\n\t\t\t\t\t\t\t\t\t<p>La falta de asistencia causada por motivos ajenos al centro no dar\u00e1 derecho al alumno a\u00a0 recuperar las clases perdidas con car\u00e1cter general, si bien, puesto en conocimiento de la propietaria del centro, se podr\u00e1 acordar la recuperaci\u00f3n de clases dentro del mismo mes y ello siempre que fuera posible y dependiendo del n\u00famero de alumnos del grupo que lo permitiera. Transcurrido este plazo la clase se perder\u00e1.\u00a0<\/p><p>No asistir a clase sin previo aviso implicar\u00e1 la p\u00e9rdida de la misma.<\/p><p>Los d\u00edas festivos y puentes que aparecen en el calendario, no se podr\u00e1n recuperar.<\/p>\t\t\t\t\t\t\t\t<\/div>\n\t\t\t\t<\/div>\n\t\t\t\t\t<\/div>\n\t\t<\/div>\n\t\t\t\t<div class=\"elementor-column elementor-col-50 elementor-top-column elementor-element elementor-element-b5a02cd\" data-id=\"b5a02cd\" data-element_type=\"column\">\n\t\t\t<div class=\"elementor-widget-wrap elementor-element-populated\">\n\t\t\t\t\t\t<div class=\"elementor-element elementor-element-2486915 elementor-widget elementor-widget-spacer\" data-id=\"2486915\" data-element_type=\"widget\" data-widget_type=\"spacer.default\">\n\t\t\t\t<div class=\"elementor-widget-container\">\n\t\t\t\t\t\t\t<div class=\"elementor-spacer\">\n\t\t\t<div class=\"elementor-spacer-inner\"><\/div>\n\t\t<\/div>\n\t\t\t\t\t\t<\/div>\n\t\t\t\t<\/div>\n\t\t\t\t<div class=\"elementor-element elementor-element-1912bc8 elementor-widget elementor-widget-heading\" data-id=\"1912bc8\" data-element_type=\"widget\" data-widget_type=\"heading.default\">\n\t\t\t\t<div class=\"elementor-widget-container\">\n\t\t\t\t\t<h3 class=\"elementor-heading-title elementor-size-default\">Por tu seguridad<\/h3>\t\t\t\t<\/div>\n\t\t\t\t<\/div>\n\t\t\t\t<div class=\"elementor-element elementor-element-e233ab6 elementor-widget-divider--view-line elementor-widget elementor-widget-divider\" data-id=\"e233ab6\" data-element_type=\"widget\" data-widget_type=\"divider.default\">\n\t\t\t\t<div class=\"elementor-widget-container\">\n\t\t\t\t\t\t\t<div class=\"elementor-divider\">\n\t\t\t<span class=\"elementor-divider-separator\">\n\t\t\t\t\t\t<\/span>\n\t\t<\/div>\n\t\t\t\t\t\t<\/div>\n\t\t\t\t<\/div>\n\t\t\t\t<div class=\"elementor-element elementor-element-fcd2305 elementor-widget elementor-widget-text-editor\" data-id=\"fcd2305\" data-element_type=\"widget\" data-widget_type=\"text-editor.default\">\n\t\t\t\t<div class=\"elementor-widget-container\">\n\t\t\t\t\t\t\t\t\t<p>Para aprovechar al m\u00e1ximo la clase, evitar lesiones y por respeto a los compa\u00f1eros, no se permitir\u00e1 entrar pasados 5 minutos del inicio de la clase. Ante todo, puntualidad. <em>(Si tienes alguna lesi\u00f3n, com\u00e9ntaselo al instructor, as\u00ed podr\u00e1 tenerlo en cuenta durante la clase. Si tu lesi\u00f3n es grave es necesario traer una autorizaci\u00f3n del m\u00e9dico permitiendo la realizaci\u00f3n de la t\u00e9cnica pilates, ya que toda lesi\u00f3n causada por la imprudencia de un alumno ser\u00e1 responsabilidad del mismo.)\u00a0<\/em><\/p><p>Es obligatorio el uso de calcetines y se recomienda venir a clase con ropa deportiva c\u00f3moda.<\/p>\t\t\t\t\t\t\t\t<\/div>\n\t\t\t\t<\/div>\n\t\t\t\t\t<\/div>\n\t\t<\/div>\n\t\t\t\t\t<\/div>\n\t\t<\/section>\n\t\t\t\t<section class=\"elementor-section elementor-top-section elementor-element elementor-element-1bc1b32 elementor-section-full_width elementor-section-height-default elementor-section-height-default\" data-id=\"1bc1b32\" data-element_type=\"section\">\n\t\t\t\t\t\t<div class=\"elementor-container elementor-column-gap-default\">\n\t\t\t\t\t<div class=\"elementor-column elementor-col-100 elementor-top-column elementor-element elementor-element-54da6fe\" data-id=\"54da6fe\" data-element_type=\"column\">\n\t\t\t<div class=\"elementor-widget-wrap elementor-element-populated\">\n\t\t\t\t\t\t<div class=\"elementor-element elementor-element-75de435 elementor-widget-divider--view-line elementor-widget elementor-widget-divider\" data-id=\"75de435\" data-element_type=\"widget\" data-widget_type=\"divider.default\">\n\t\t\t\t<div class=\"elementor-widget-container\">\n\t\t\t\t\t\t\t<div class=\"elementor-divider\">\n\t\t\t<span class=\"elementor-divider-separator\">\n\t\t\t\t\t\t<\/span>\n\t\t<\/div>\n\t\t\t\t\t\t<\/div>\n\t\t\t\t<\/div>\n\t\t\t\t\t<\/div>\n\t\t<\/div>\n\t\t\t\t\t<\/div>\n\t\t<\/section>\n\t\t\t\t<\/div>\n\t\t","protected":false},"excerpt":{"rendered":"<p>Normas del Espacio Pago de las clases Matr\u00edcula. Es necesario adem\u00e1s del importe de la mensualidad, una matr\u00edcula por importe de 20\u20ac, [&hellip;]<\/p>\n","protected":false},"author":2,"featured_media":0,"parent":0,"menu_order":10,"comment_status":"closed","ping_status":"closed","template":"elementor_header_footer","meta":{"footnotes":""},"class_list":["post-201","page","type-page","status-publish","hentry"],"yoast_head":"<!-- This site is optimized with the Yoast SEO plugin v25.6 - https:\/\/yoast.com\/wordpress\/plugins\/seo\/ -->\n<title>Normas del Espacio - Espacio Espiral<\/title>\n<meta name=\"description\" content=\"Normas del espacio para tener la seguridad y tranquilidad de lka pr\u00e1ctica del yoga y el Pilates en nuestro centro\" \/>\n<meta name=\"robots\" content=\"index, follow, max-snippet:-1, max-image-preview:large, max-video-preview:-1\" \/>\n<link rel=\"canonical\" href=\"https:\/\/espiralespacio.com\/index.php\/espacio-creativo\/\" \/>\n<meta property=\"og:locale\" content=\"es_ES\" \/>\n<meta property=\"og:type\" content=\"article\" \/>\n<meta property=\"og:title\" content=\"Normas del Espacio - Espacio Espiral\" \/>\n<meta property=\"og:description\" content=\"Normas del espacio para tener la seguridad y tranquilidad de lka pr\u00e1ctica del yoga y el Pilates en nuestro centro\" \/>\n<meta property=\"og:url\" content=\"https:\/\/espiralespacio.com\/index.php\/espacio-creativo\/\" \/>\n<meta property=\"og:site_name\" content=\"Espacio Espiral\" \/>\n<meta property=\"article:modified_time\" content=\"2025-09-15T05:52:17+00:00\" \/>\n<meta property=\"og:image\" content=\"https:\/\/espiralespacio.com\/wp-content\/uploads\/2025\/09\/normas_espacioespiral.jpg\" \/>\n\t<meta property=\"og:image:width\" content=\"898\" \/>\n\t<meta property=\"og:image:height\" content=\"700\" \/>\n\t<meta property=\"og:image:type\" content=\"image\/jpeg\" \/>\n<meta name=\"twitter:card\" content=\"summary_large_image\" \/>\n<meta name=\"twitter:label1\" content=\"Tiempo de lectura\" \/>\n\t<meta name=\"twitter:data1\" content=\"2 minutos\" \/>\n<script type=\"application\/ld+json\" class=\"yoast-schema-graph\">{\"@context\":\"https:\/\/schema.org\",\"@graph\":[{\"@type\":\"WebPage\",\"@id\":\"https:\/\/espiralespacio.com\/index.php\/espacio-creativo\/\",\"url\":\"https:\/\/espiralespacio.com\/index.php\/espacio-creativo\/\",\"name\":\"Normas del Espacio - Espacio Espiral\",\"isPartOf\":{\"@id\":\"https:\/\/espiralespacio.com\/#website\"},\"primaryImageOfPage\":{\"@id\":\"https:\/\/espiralespacio.com\/index.php\/espacio-creativo\/#primaryimage\"},\"image\":{\"@id\":\"https:\/\/espiralespacio.com\/index.php\/espacio-creativo\/#primaryimage\"},\"thumbnailUrl\":\"https:\/\/espiralespacio.com\/wp-content\/uploads\/2025\/09\/normas_espacioespiral.jpg\",\"datePublished\":\"2018-09-13T11:36:34+00:00\",\"dateModified\":\"2025-09-15T05:52:17+00:00\",\"description\":\"Normas del espacio para tener la seguridad y tranquilidad de lka pr\u00e1ctica del yoga y el Pilates en nuestro centro\",\"breadcrumb\":{\"@id\":\"https:\/\/espiralespacio.com\/index.php\/espacio-creativo\/#breadcrumb\"},\"inLanguage\":\"es\",\"potentialAction\":[{\"@type\":\"ReadAction\",\"target\":[\"https:\/\/espiralespacio.com\/index.php\/espacio-creativo\/\"]}]},{\"@type\":\"ImageObject\",\"inLanguage\":\"es\",\"@id\":\"https:\/\/espiralespacio.com\/index.php\/espacio-creativo\/#primaryimage\",\"url\":\"https:\/\/espiralespacio.com\/wp-content\/uploads\/2025\/09\/normas_espacioespiral.jpg\",\"contentUrl\":\"https:\/\/espiralespacio.com\/wp-content\/uploads\/2025\/09\/normas_espacioespiral.jpg\"},{\"@type\":\"BreadcrumbList\",\"@id\":\"https:\/\/espiralespacio.com\/index.php\/espacio-creativo\/#breadcrumb\",\"itemListElement\":[{\"@type\":\"ListItem\",\"position\":1,\"name\":\"Portada\",\"item\":\"https:\/\/espiralespacio.com\/\"},{\"@type\":\"ListItem\",\"position\":2,\"name\":\"Normas del Espacio\"}]},{\"@type\":\"WebSite\",\"@id\":\"https:\/\/espiralespacio.com\/#website\",\"url\":\"https:\/\/espiralespacio.com\/\",\"name\":\"Espacio Espiral\",\"description\":\"Yoga | Pilates | Pilates m\u00e1quina\",\"potentialAction\":[{\"@type\":\"SearchAction\",\"target\":{\"@type\":\"EntryPoint\",\"urlTemplate\":\"https:\/\/espiralespacio.com\/?s={search_term_string}\"},\"query-input\":{\"@type\":\"PropertyValueSpecification\",\"valueRequired\":true,\"valueName\":\"search_term_string\"}}],\"inLanguage\":\"es\"}]}<\/script>\n<!-- \/ Yoast SEO plugin. -->","yoast_head_json":{"title":"Normas del Espacio - Espacio Espiral","description":"Normas del espacio para tener la seguridad y tranquilidad de lka pr\u00e1ctica del yoga y el Pilates en nuestro centro","robots":{"index":"index","follow":"follow","max-snippet":"max-snippet:-1","max-image-preview":"max-image-preview:large","max-video-preview":"max-video-preview:-1"},"canonical":"https:\/\/espiralespacio.com\/index.php\/espacio-creativo\/","og_locale":"es_ES","og_type":"article","og_title":"Normas del Espacio - Espacio Espiral","og_description":"Normas del espacio para tener la seguridad y tranquilidad de lka pr\u00e1ctica del yoga y el Pilates en nuestro centro","og_url":"https:\/\/espiralespacio.com\/index.php\/espacio-creativo\/","og_site_name":"Espacio Espiral","article_modified_time":"2025-09-15T05:52:17+00:00","og_image":[{"width":898,"height":700,"url":"https:\/\/espiralespacio.com\/wp-content\/uploads\/2025\/09\/normas_espacioespiral.jpg","type":"image\/jpeg"}],"twitter_card":"summary_large_image","twitter_misc":{"Tiempo de lectura":"2 minutos"},"schema":{"@context":"https:\/\/schema.org","@graph":[{"@type":"WebPage","@id":"https:\/\/espiralespacio.com\/index.php\/espacio-creativo\/","url":"https:\/\/espiralespacio.com\/index.php\/espacio-creativo\/","name":"Normas del Espacio - Espacio Espiral","isPartOf":{"@id":"https:\/\/espiralespacio.com\/#website"},"primaryImageOfPage":{"@id":"https:\/\/espiralespacio.com\/index.php\/espacio-creativo\/#primaryimage"},"image":{"@id":"https:\/\/espiralespacio.com\/index.php\/espacio-creativo\/#primaryimage"},"thumbnailUrl":"https:\/\/espiralespacio.com\/wp-content\/uploads\/2025\/09\/normas_espacioespiral.jpg","datePublished":"2018-09-13T11:36:34+00:00","dateModified":"2025-09-15T05:52:17+00:00","description":"Normas del espacio para tener la seguridad y tranquilidad de lka pr\u00e1ctica del yoga y el Pilates en nuestro centro","breadcrumb":{"@id":"https:\/\/espiralespacio.com\/index.php\/espacio-creativo\/#breadcrumb"},"inLanguage":"es","potentialAction":[{"@type":"ReadAction","target":["https:\/\/espiralespacio.com\/index.php\/espacio-creativo\/"]}]},{"@type":"ImageObject","inLanguage":"es","@id":"https:\/\/espiralespacio.com\/index.php\/espacio-creativo\/#primaryimage","url":"https:\/\/espiralespacio.com\/wp-content\/uploads\/2025\/09\/normas_espacioespiral.jpg","contentUrl":"https:\/\/espiralespacio.com\/wp-content\/uploads\/2025\/09\/normas_espacioespiral.jpg"},{"@type":"BreadcrumbList","@id":"https:\/\/espiralespacio.com\/index.php\/espacio-creativo\/#breadcrumb","itemListElement":[{"@type":"ListItem","position":1,"name":"Portada","item":"https:\/\/espiralespacio.com\/"},{"@type":"ListItem","position":2,"name":"Normas del Espacio"}]},{"@type":"WebSite","@id":"https:\/\/espiralespacio.com\/#website","url":"https:\/\/espiralespacio.com\/","name":"Espacio Espiral","description":"Yoga | Pilates | Pilates m\u00e1quina","potentialAction":[{"@type":"SearchAction","target":{"@type":"EntryPoint","urlTemplate":"https:\/\/espiralespacio.com\/?s={search_term_string}"},"query-input":{"@type":"PropertyValueSpecification","valueRequired":true,"valueName":"search_term_string"}}],"inLanguage":"es"}]}},"_links":{"self":[{"href":"https:\/\/espiralespacio.com\/index.php\/wp-json\/wp\/v2\/pages\/201","targetHints":{"allow":["GET"]}}],"collection":[{"href":"https:\/\/espiralespacio.com\/index.php\/wp-json\/wp\/v2\/pages"}],"about":[{"href":"https:\/\/espiralespacio.com\/index.php\/wp-json\/wp\/v2\/types\/page"}],"author":[{"embeddable":true,"href":"https:\/\/espiralespacio.com\/index.php\/wp-json\/wp\/v2\/users\/2"}],"replies":[{"embeddable":true,"href":"https:\/\/espiralespacio.com\/index.php\/wp-json\/wp\/v2\/comments?post=201"}],"version-history":[{"count":106,"href":"https:\/\/espiralespacio.com\/index.php\/wp-json\/wp\/v2\/pages\/201\/revisions"}],"predecessor-version":[{"id":2375,"href":"https:\/\/espiralespacio.com\/index.php\/wp-json\/wp\/v2\/pages\/201\/revisions\/2375"}],"wp:attachment":[{"href":"https:\/\/espiralespacio.com\/index.php\/wp-json\/wp\/v2\/media?parent=201"}],"curies":[{"name":"wp","href":"https:\/\/api.w.org\/{rel}","templated":true}]}}